{"id":47,"date":"2011-12-08T19:03:03","date_gmt":"2011-12-08T19:03:03","guid":{"rendered":"http:\/\/188.116.53.156\/?page_id=47"},"modified":"2021-02-11T16:23:11","modified_gmt":"2021-02-11T16:23:11","slug":"lekcje-jezyka-prawniczego","status":"publish","type":"page","link":"http:\/\/85.204.27.183\/?page_id=47","title":{"rendered":"Legal English"},"content":{"rendered":"<h1><span style=\"color: #800000;\"><strong>Free Legal English Lessons<\/strong><\/span><\/h1>\n<p>Here are my legal English lessons. They are currently being updated, so please check out for the <strong><span style=\"color: #993300;\">NEW!<\/span><\/strong><\/p>\n<ul>\n<li><strong><span style=\"color: #993300;\">NEW! &#8211;&nbsp;<a href=\"https:\/\/sway.office.com\/Tu5RqitJ67HHqzQp?ref=Link\" target=\"_blank\" rel=\"noopener noreferrer\">Indemnity Clause<\/a><\/span><\/strong><\/li>\n<li><strong><span style=\"color: #993300;\">NEW! &#8211;&nbsp;<a href=\"https:\/\/sway.office.com\/5uvFJnOSQBVCYmet?ref=Link\" target=\"_blank\" rel=\"noopener noreferrer\">Precedent<\/a><\/span><\/strong><\/li>\n<li><a href=\"http:\/\/luczak.edu.pl\/wp-content\/uploads\/2018\/12\/1_Common-law-v-civil-law.pdf\">Lesson 1 &#8211; Common Law v Civil Law<\/a><\/li>\n<li><a href=\"http:\/\/luczak.edu.pl\/wp-content\/uploads\/2018\/12\/2_US-Legal-System.pdf\">Lesson 2 &#8211; US Legal System<\/a><\/li>\n<li><a href=\"http:\/\/luczak.edu.pl\/wp-content\/uploads\/2018\/12\/3_British-System.pdf\">Lesson 3 &#8211; British Legal System<\/a><\/li>\n<li><a href=\"http:\/\/luczak.edu.pl\/wp-content\/uploads\/2018\/12\/4_British-Government.pdf\">Lesson 4 &#8211; British Government<\/a><\/li>\n<li><a href=\"http:\/\/luczak.edu.pl\/wp-content\/uploads\/2018\/12\/5_Polish-System-of-Government.pdf\">Lesson 5 &#8211; Polish System of Government<\/a><\/li>\n<li><a href=\"http:\/\/luczak.edu.pl\/wp-content\/uploads\/2018\/12\/6_Legal-Profession.pdf\">Lesson 6 &#8211; Legal Profession<\/a><\/li>\n<li><a href=\"http:\/\/luczak.edu.pl\/wp-content\/uploads\/2018\/12\/7_ADR.pdf\">Lesson 7 &#8211; Before you go to court (ADR)<\/a><\/li>\n<li><a href=\"http:\/\/luczak.edu.pl\/wp-content\/uploads\/2018\/12\/8_Litigation.pdf\">Lesson 8 &#8211; Litigation<\/a><\/li>\n<li><a href=\"http:\/\/luczak.edu.pl\/wp-content\/uploads\/2018\/12\/9_Tort-Law.pdf\">Lesson 9 &#8211; Tort Law<\/a><\/li>\n<li><a href=\"http:\/\/luczak.edu.pl\/wp-content\/uploads\/2011\/12\/the-teacher-lesson-10.pdf\">Lekcja 10 &#8211; Criminal Law<\/a><\/li>\n<li><a href=\"http:\/\/luczak.edu.pl\/wp-content\/uploads\/2018\/12\/11_Business-Law.pdf\">Lesson 11 &#8211; Business Law<\/a><\/li>\n<li><a href=\"http:\/\/luczak.edu.pl\/wp-content\/uploads\/2018\/12\/12_Company-Law.pdf\">Lesson 12 &#8211; Company Law<\/a><\/li>\n<li><a href=\"http:\/\/luczak.edu.pl\/wp-content\/uploads\/2019\/01\/13_Employment.pdf\">Lesson 13 &#8211; Employment Law<\/a><\/li>\n<li><a href=\"http:\/\/luczak.edu.pl\/wp-content\/uploads\/2019\/01\/14_Contract-Law.pdf\">Lesson 14 &#8211; Contract Law<\/a><\/li>\n<\/ul>\n<p>Here are my online legal English exercises on PUSTULKA<\/p>\n<ul>\n<li><a href=\"http:\/\/luczak.edu.pl\/wp-content\/uploads\/2018\/12\/Legal-prof_litigation_ADR.pdf\">Legal profession, litigation and ADR<\/a><\/li>\n<li><a href=\"http:\/\/luczak.edu.pl\/wp-content\/uploads\/2018\/12\/Business_Company.pdf\">Business and Company Law<\/a><\/li>\n<li><span style=\"color: #880000;\"><a href=\"http:\/\/luczak.edu.pl\/wp-content\/uploads\/2018\/12\/British-legal-system-and-government.pdf\"><span style=\"color: #000000;\">British legal system and government<\/span><\/a><\/span><\/li>\n<li><span style=\"color: #880000;\"><a href=\"http:\/\/luczak.edu.pl\/wp-content\/uploads\/2019\/01\/Contract-Law.pdf\"><span style=\"color: #000000;\">Contract Law<\/span><\/a><\/span><\/li>\n<\/ul>\n\n\n<h1 class=\"wp-block-heading\"><a rel=\"noreferrer noopener\" href=\"https:\/\/quizlet.com\/aleksandraluczak\/folders\/toles\" target=\"_blank\">Quizlet<\/a><\/h1>\n\n\n\n<p>Here is a collection of <a rel=\"noreferrer noopener\" href=\"https:\/\/quizlet.com\/aleksandraluczak\/folders\/toles\" target=\"_blank\"><strong>Quizlet<\/strong> <\/a>sets designed to practise legal English vocabulary that corresponds to the content of <a rel=\"noreferrer noopener\" href=\"http:\/\/www.toleslegal.com\/lawyers-english-language-coursebook-2\/\" target=\"_blank\">The Lawyer&#8217;s English Language Coursebook<\/a> that leads students to TOLES Foundation and Higher levels and is a good starting point for TOLES Advanced.<\/p>\n\n\n\n<h1 class=\"wp-block-heading\"><a href=\"http:\/\/www.memrise.com\/user\/LegalEnglish\/courses\/teaching\/\" target=\"_blank\" rel=\"noreferrer noopener\">Memrise<\/a><\/h1>\n\n\n\n<p>Zapraszam r\u00f3wnie\u017c do korzystania z strony internetowej <a href=\"http:\/\/www.memrise.com\/user\/LegalEnglish\/courses\/teaching\/\" target=\"_blank\" rel=\"noreferrer noopener\">memrise<\/a>, na kt\u00f3rej przy wsp\u00f3\u0142pracy student\u00f3w Kolegium Prawa Akademii Leona Ko\u017ami\u0144skiego, zosta\u0142y zgromadzone materia\u0142y w postaci fiszek do nauki i utrwalenia s\u0142ownictwa prawniczego przydatnego na egzaminach sprawdzaj\u0105cych znajomo\u015b\u0107 Legal English i nie tylko.<\/p>\n\n\n\n<p>O korzy\u015bciach i efektach pracy z aplikacj\u0105 memrise napisa\u0142am na moim <a href=\"http:\/\/luczak.edu.pl\/?p=240\" target=\"_blank\" rel=\"noreferrer noopener\">blogu<\/a>.<\/p>\n\n\n\n<p>Zapraszam r\u00f3wnie\u017c do korzystania z <a rel=\"noreferrer noopener\" href=\"http:\/\/luczak.edu.pl\/wp-content\/uploads\/2011\/12\/memrise-tutorial.pdf\" target=\"_blank\">handout&#8217;u<\/a>, w kt\u00f3rym wyja\u015bniam jak zacz\u0105\u0107 pracowa\u0107 z memrise i jak tworzy\u0107 kursy.<\/p>\n\n\n\n<h2 class=\"wp-block-heading\">On Plain Language<\/h2>\n\n\n\n<p><strong>Kozminski University Online Lectures,  2 April 2020<\/strong><\/p>\n\n\n\n<p>The slides are available <a href=\"http:\/\/luczak.edu.pl\/wp-content\/uploads\/2020\/04\/On-Plain-Language.pdf\" target=\"_blank\" rel=\"noreferrer noopener\" aria-label=\"here (otwiera si\u0119 na nowej zak\u0142adce)\">here<\/a>.<\/p>\n","protected":false},"excerpt":{"rendered":"<p>Free Legal English Lessons Here are my legal English lessons. They are currently being updated, so please check out for the NEW! NEW! &#8211;&nbsp;Indemnity Clause NEW! &#8211;&nbsp;Precedent Lesson 1 &#8211; Common Law v Civil Law Lesson 2 &#8211; US Legal System Lesson 3 &#8211; British Legal System Lesson 4 &#8211; British Government Lesson 5 &#8211; &hellip; <\/p>\n<p class=\"link-more\"><a href=\"http:\/\/85.204.27.183\/?page_id=47\" class=\"more-link\">Czytaj dalej<span class=\"screen-reader-text\"> \u201eLegal English\u201d<\/span><\/a><\/p>\n","protected":false},"author":1,"featured_media":0,"parent":0,"menu_order":3,"comment_status":"closed","ping_status":"closed","template":"","meta":{"footnotes":""},"_links":{"self":[{"href":"http:\/\/85.204.27.183\/index.php?rest_route=\/wp\/v2\/pages\/47"}],"collection":[{"href":"http:\/\/85.204.27.183\/index.php?rest_route=\/wp\/v2\/pages"}],"about":[{"href":"http:\/\/85.204.27.183\/index.php?rest_route=\/wp\/v2\/types\/page"}],"author":[{"embeddable":true,"href":"http:\/\/85.204.27.183\/index.php?rest_route=\/wp\/v2\/users\/1"}],"replies":[{"embeddable":true,"href":"http:\/\/85.204.27.183\/index.php?rest_route=%2Fwp%2Fv2%2Fcomments&post=47"}],"version-history":[{"count":54,"href":"http:\/\/85.204.27.183\/index.php?rest_route=\/wp\/v2\/pages\/47\/revisions"}],"predecessor-version":[{"id":941,"href":"http:\/\/85.204.27.183\/index.php?rest_route=\/wp\/v2\/pages\/47\/revisions\/941"}],"wp:attachment":[{"href":"http:\/\/85.204.27.183\/index.php?rest_route=%2Fwp%2Fv2%2Fmedia&parent=47"}],"curies":[{"name":"wp","href":"https:\/\/api.w.org\/{rel}","templated":true}]}}