{"id":57,"date":"2011-12-08T19:06:28","date_gmt":"2011-12-08T19:06:28","guid":{"rendered":"http:\/\/188.116.53.156\/?page_id=57"},"modified":"2023-02-07T14:27:28","modified_gmt":"2023-02-07T14:27:28","slug":"moje-materialy","status":"publish","type":"page","link":"http:\/\/85.204.27.183\/?page_id=57","title":{"rendered":"Illuminate"},"content":{"rendered":"\n<figure class=\"wp-block-image size-large is-style-default\"><img loading=\"lazy\" decoding=\"async\" width=\"729\" height=\"244\" src=\"http:\/\/luczak.edu.pl\/wp-content\/uploads\/2021\/02\/Illuminate-logo-black.png\" alt=\"\" class=\"wp-image-952\"\/><\/figure>\n\n\n\n<p><\/p>\n\n\n\n<p><a href=\"https:\/\/www.canva.com\/design\/DAEWlYGfDlc\/view?utm_content=DAEWlYGfDlc&amp;utm_campaign=designshare&amp;utm_medium=link&amp;utm_source=publishsharelink\" target=\"_blank\" rel=\"noreferrer noopener\">https:\/\/www.canva.com\/design\/DAEWlYGfDlc\/view?utm_content=DAEWlYGfDlc&amp;utm_campaign=designshare&amp;utm_medium=link&amp;utm_source=publishsharelink<\/a><\/p>\n\n\n\n<h2 class=\"wp-block-heading\">PROGRAM LEGAL ENGLISH \u201eILLUMINATE\u201d ju\u017c dost\u0119pny w Polsce<\/h2>\n\n\n\n<p><\/p>\n\n\n\n<p><strong>Aby uzyska\u0107 dost\u0119p napisz do nas na illuminate.polska@gmail.com<\/strong><\/p>\n\n\n\n<p>Je\u015bli chcesz pog\u0142\u0119bi\u0107 znajomo\u015b\u0107 angielskiego j\u0119zyka prawniczego, poczu\u0107 si\u0119 pewniej pos\u0142uguj\u0105c si\u0119 angielskim prawniczym w pracy, marzysz o karierze w mi\u0119dzynarodowej firmie prawniczej lub czujesz, \u017ce Tw\u00f3j angielski nieco &#8222;zardzewia\u0142&#8221;, zacznij si\u0119 uczy\u0107 z ,,Illuminate&#8221; opracowanym przez Catherine Mason za\u0142o\u017cycielk\u0119 presti\u017cowej szko\u0142y Cambridge Law Studio i tw\u00f3rczyni\u0119 egzamin\u00f3w TOLES.<\/p>\n\n\n\n<h2 class=\"wp-block-heading\">Program &#8221;Illuminate&#8221; <\/h2>\n\n\n\n<p id=\"illuminate\"><\/p>\n\n\n\n<ul>\n<li>to <strong>dziesi\u0119\u0107 modu\u0142\u00f3w rozwijaj\u0105cych znajomo\u015b\u0107 Legal English online&nbsp;<\/strong><\/li>\n\n\n\n<li>to kurs Legal English <strong>dla prawnik\u00f3w pracuj\u0105cych w \u015brodowisku mi\u0119dzynarodowym oraz student\u00f3w prawa<\/strong> <\/li>\n\n\n\n<li>to praktyczne i aktualne szkolenie, kt\u00f3re stanowi okazj\u0119 do nauki s\u0142ownictwa prawniczego oraz poj\u0119\u0107 systemu prawa&nbsp;<em>common law<\/em>&nbsp;<strong>niezb\u0119dnych do pracy w obszarze prawa handlowego na \u015brodowisku mi\u0119dzynarodowym<\/strong><\/li>\n\n\n\n<li>to <strong>lepsze perspektywy zatrudnienia<\/strong> na coraz bardziej konkurencyjnym rynku pracy. <\/li>\n\n\n\n<li>to kurs, kt\u00f3ry pomo\u017ce Ci tam, gdzie s\u0142ownik angielskiej terminologii prawniczej nie wystarczy! <\/li>\n<\/ul>\n\n\n\n<h2 class=\"wp-block-heading\">Modu\u0142y w ,,Illuminate&#8221;<\/h2>\n\n\n\n<p>Ucz\u0105c si\u0119 z ,,Illuminate&#8221; poznasz s\u0142ownictwo i zrozumiesz zagadnienia z 10 obszar\u00f3w prawa common law: <\/p>\n\n\n\n<p style=\"line-height:1.2\">Illuminate 1: The Formation of a Contract<\/p>\n\n\n\n<p style=\"line-height:1.2\">Illuminate 2: Boilerplate Clauses in Commercial Contracts<\/p>\n\n\n\n<p style=\"line-height:1.2\">Illuminate 3: The Liability of Businesses for Negligence<\/p>\n\n\n\n<p style=\"line-height:1.2\">Illuminate 4: Sole Traders and Traditional Partnerships<\/p>\n\n\n\n<p style=\"line-height:1.2\">Illuminate 5: Contractual Warranties<\/p>\n\n\n\n<p style=\"line-height:1.2\">Illuminate 6: The Liability of Businesses for Nuisance<\/p>\n\n\n\n<p style=\"line-height:1.2\">Illuminate 7: Damages as a Remedy for Breach<\/p>\n\n\n\n<p style=\"line-height:1.2\">Illuminate 8: Payment Clauses and Retention of Title<\/p>\n\n\n\n<p style=\"line-height:1.2\">Illuminate 9: An Introduction to Limited Companies<\/p>\n\n\n\n<p style=\"line-height:1.2\">Illuminate 10: The Structure of a Commercial Contract<\/p>\n\n\n\n<h2 class=\"wp-block-heading\">Dlaczego warto wybra\u0107 ,,Illuminate&#8221;<\/h2>\n\n\n\n<p><strong>Program \u201eIlluminate\u201d oparty jest na kursach Legal English prowadzonych w Cambridge<\/strong> przez Cambridge Law Studio &#8211; presti\u017cow\u0105 szko\u0142\u0119, w kt\u00f3rej od ponad dwudziestu lat prawnicy z ca\u0142ego \u015bwiata specjalizuj\u0105cy si\u0119 w mi\u0119dzynarodowym prawie handlowym ucz\u0105 si\u0119 angielskiego j\u0119zyka prawniczego. <\/p>\n\n\n\n<p>Program w g\u0142\u00f3wnej mierze skupia si\u0119 na terminologii um\u00f3w handlowych, s\u0142ownictwie z zakresu prawa sp\u00f3\u0142ek i innych form prowadzenia dzia\u0142alno\u015bci gospodarczej, a tak\u017ce na aspektach praktycznych, kt\u00f3re pod uwag\u0119 musi bra\u0107 ka\u017cdy prawnik chc\u0105cy sprawnie porusza\u0107 si\u0119 po zagadnieniach obrotu handlowego.<\/p>\n\n\n\n<p><strong>Tw\u00f3j aktualny poziom znajomo\u015bci j\u0119zyka angielskiego nie ma znaczenia<\/strong>, poniewa\u017c program \u201eIlluminate\u201d pozwala Ci na prac\u0119 we w\u0142asnym tempie. Kurs dost\u0119pny jest przez 170 dni od zakupu, dzi\u0119ki czemu materia\u0142y szkoleniowe i quizy mo\u017cna ogl\u0105da\u0107 i rozwi\u0105zywa\u0107 dowoln\u0105 ilo\u015b\u0107 razy, w zale\u017cno\u015bci od potrzeb.  Z \u201eIlluminate\u201d skorzysta\u0107 mog\u0105 wszyscy prawnicy pracuj\u0105cy w \u015brodowisku mi\u0119dzynarodowym oraz studenci prawa.<\/p>\n\n\n\n<h2 class=\"wp-block-heading\">Czy otrzymam certyfikat?<\/h2>\n\n\n\n<p>Zamawiaj\u0105c kurs u nas po jego uko\u0144czeniu, bez dodatkowych op\u0142at, otrzymasz presti\u017cowy certyfikat uko\u0144czenia kursu programu \u201eIlluminate\u201d, kt\u00f3ry zostanie przes\u0142any do Ciebie prosto z Cambridge i b\u0119dzie stanowi\u0142 doskona\u0142y atut w Twoim CV.<\/p>\n\n\n\n<figure class=\"wp-block-image size-large is-style-default\"><img loading=\"lazy\" decoding=\"async\" width=\"1504\" height=\"2016\" src=\"http:\/\/luczak.edu.pl\/wp-content\/uploads\/2021\/03\/KOWALSKI.jpg\" alt=\"\" class=\"wp-image-1022\"\/><\/figure>\n\n\n\n<h2 class=\"wp-block-heading\">Opinie<\/h2>\n\n\n\n<figure class=\"wp-block-image size-large\"><img loading=\"lazy\" decoding=\"async\" width=\"1090\" height=\"619\" src=\"http:\/\/luczak.edu.pl\/wp-content\/uploads\/2021\/02\/opinie.jpg\" alt=\"\" class=\"wp-image-964\"\/><\/figure>\n\n\n\n<figure class=\"wp-block-image size-large is-style-default\"><img loading=\"lazy\" decoding=\"async\" width=\"1135\" height=\"810\" src=\"http:\/\/luczak.edu.pl\/wp-content\/uploads\/2021\/02\/opinie_2.jpg\" alt=\"\" class=\"wp-image-967\"\/><\/figure>\n\n\n\n<p class=\"has-vivid-red-color has-text-color\">Przeczytaj wi\u0119cej <a rel=\"noreferrer noopener\" href=\"http:\/\/luczak.edu.pl\/wp-content\/uploads\/2021\/02\/REVIEWS-OF-ILLUMINATE.pdf\" target=\"_blank\"><strong>opinii<\/strong><\/a><\/p>\n\n\n\n<figure class=\"wp-block-embed is-type-rich is-provider-obsluga-osadzania wp-block-embed-obsluga-osadzania wp-embed-aspect-4-3 wp-has-aspect-ratio\"><div class=\"wp-block-embed__wrapper\">\nhttps:\/\/youtube.com\/watch?v=fKjLS3jqKag\n<\/div><\/figure>\n\n\n\n<p><\/p>\n","protected":false},"excerpt":{"rendered":"<p>https:\/\/www.canva.com\/design\/DAEWlYGfDlc\/view?utm_content=DAEWlYGfDlc&amp;utm_campaign=designshare&amp;utm_medium=link&amp;utm_source=publishsharelink PROGRAM LEGAL ENGLISH \u201eILLUMINATE\u201d ju\u017c dost\u0119pny w Polsce Aby uzyska\u0107 dost\u0119p napisz do nas na illuminate.polska@gmail.com Je\u015bli chcesz pog\u0142\u0119bi\u0107 znajomo\u015b\u0107 angielskiego j\u0119zyka prawniczego, poczu\u0107 si\u0119 pewniej pos\u0142uguj\u0105c si\u0119 angielskim prawniczym w pracy, marzysz o karierze w mi\u0119dzynarodowej firmie prawniczej lub czujesz, \u017ce Tw\u00f3j angielski nieco &#8222;zardzewia\u0142&#8221;, zacznij si\u0119 uczy\u0107 z ,,Illuminate&#8221; opracowanym przez Catherine &hellip; <\/p>\n<p class=\"link-more\"><a href=\"http:\/\/85.204.27.183\/?page_id=57\" class=\"more-link\">Czytaj dalej<span class=\"screen-reader-text\"> \u201eIlluminate\u201d<\/span><\/a><\/p>\n","protected":false},"author":1,"featured_media":0,"parent":0,"menu_order":1,"comment_status":"open","ping_status":"open","template":"","meta":{"footnotes":""},"_links":{"self":[{"href":"http:\/\/85.204.27.183\/index.php?rest_route=\/wp\/v2\/pages\/57"}],"collection":[{"href":"http:\/\/85.204.27.183\/index.php?rest_route=\/wp\/v2\/pages"}],"about":[{"href":"http:\/\/85.204.27.183\/index.php?rest_route=\/wp\/v2\/types\/page"}],"author":[{"embeddable":true,"href":"http:\/\/85.204.27.183\/index.php?rest_route=\/wp\/v2\/users\/1"}],"replies":[{"embeddable":true,"href":"http:\/\/85.204.27.183\/index.php?rest_route=%2Fwp%2Fv2%2Fcomments&post=57"}],"version-history":[{"count":92,"href":"http:\/\/85.204.27.183\/index.php?rest_route=\/wp\/v2\/pages\/57\/revisions"}],"predecessor-version":[{"id":1075,"href":"http:\/\/85.204.27.183\/index.php?rest_route=\/wp\/v2\/pages\/57\/revisions\/1075"}],"wp:attachment":[{"href":"http:\/\/85.204.27.183\/index.php?rest_route=%2Fwp%2Fv2%2Fmedia&parent=57"}],"curies":[{"name":"wp","href":"https:\/\/api.w.org\/{rel}","templated":true}]}}